{"id":1290,"date":"2023-11-21T15:11:41","date_gmt":"2023-11-21T14:11:41","guid":{"rendered":"https:\/\/hemtillgarden.se\/bistro-lilla-stallet\/"},"modified":"2026-02-06T04:49:24","modified_gmt":"2026-02-06T03:49:24","slug":"bistro-lilla-stallet","status":"publish","type":"page","link":"https:\/\/hemtillgarden.se\/en\/bistro-lilla-stallet\/","title":{"rendered":"Bistro The Little Stable"},"content":{"rendered":"\t\t<div data-elementor-type=\"wp-page\" data-elementor-id=\"1290\" class=\"elementor elementor-1290\" data-elementor-post-type=\"page\">\n\t\t\t\t\t\t<section class=\"elementor-section elementor-top-section elementor-element elementor-element-4c2ca26 elementor-section-height-min-height elementor-section-boxed elementor-section-height-default elementor-section-items-middle\" data-id=\"4c2ca26\" data-element_type=\"section\" data-settings=\"{&quot;background_background&quot;:&quot;classic&quot;}\">\n\t\t\t\t\t\t\t<div class=\"elementor-background-overlay\"><\/div>\n\t\t\t\t\t\t\t<div class=\"elementor-container elementor-column-gap-no\">\n\t\t\t\t\t<div class=\"elementor-column elementor-col-100 elementor-top-column elementor-element elementor-element-7e7c2fe\" data-id=\"7e7c2fe\" data-element_type=\"column\" data-settings=\"{&quot;background_background&quot;:&quot;classic&quot;}\">\n\t\t\t<div class=\"elementor-widget-wrap elementor-element-populated\">\n\t\t\t\t\t\t<div class=\"elementor-element elementor-element-bdf16f1 elementor-widget elementor-widget-heading\" data-id=\"bdf16f1\" data-element_type=\"widget\" data-widget_type=\"heading.default\">\n\t\t\t\t<div class=\"elementor-widget-container\">\n\t\t\t<style>\/*! elementor - v3.21.0 - 30-04-2024 *\/\n.elementor-heading-title{padding:0;margin:0;line-height:1}.elementor-widget-heading .elementor-heading-title[class*=elementor-size-]>a{color:inherit;font-size:inherit;line-height:inherit}.elementor-widget-heading .elementor-heading-title.elementor-size-small{font-size:15px}.elementor-widget-heading .elementor-heading-title.elementor-size-medium{font-size:19px}.elementor-widget-heading .elementor-heading-title.elementor-size-large{font-size:29px}.elementor-widget-heading .elementor-heading-title.elementor-size-xl{font-size:39px}.elementor-widget-heading .elementor-heading-title.elementor-size-xxl{font-size:59px}<\/style><h1 class=\"elementor-heading-title elementor-size-default\">For opening hours please go to www.bistrogarden.se<\/h1>\t\t<\/div>\n\t\t\t\t<\/div>\n\t\t\t\t\t<\/div>\n\t\t<\/div>\n\t\t\t\t\t<\/div>\n\t\t<\/section>\n\t\t\t\t<section class=\"elementor-section elementor-top-section elementor-element elementor-element-4299b20 elementor-section-height-min-height elementor-hidden-desktop elementor-hidden-tablet elementor-hidden-mobile elementor-section-boxed elementor-section-height-default elementor-section-items-middle\" data-id=\"4299b20\" data-element_type=\"section\" data-settings=\"{&quot;background_background&quot;:&quot;classic&quot;}\">\n\t\t\t\t\t\t\t<div class=\"elementor-background-overlay\"><\/div>\n\t\t\t\t\t\t\t<div class=\"elementor-container elementor-column-gap-no\">\n\t\t\t\t\t<div class=\"elementor-column elementor-col-100 elementor-top-column elementor-element elementor-element-3e12dd6\" data-id=\"3e12dd6\" data-element_type=\"column\" data-settings=\"{&quot;background_background&quot;:&quot;classic&quot;}\">\n\t\t\t<div class=\"elementor-widget-wrap elementor-element-populated\">\n\t\t\t\t\t\t<div class=\"elementor-element elementor-element-ff03a30 elementor-widget elementor-widget-heading\" data-id=\"ff03a30\" data-element_type=\"widget\" data-widget_type=\"heading.default\">\n\t\t\t\t<div class=\"elementor-widget-container\">\n\t\t\t<h1 class=\"elementor-heading-title elementor-size-default\">Bistro The Little Stable<\/h1>\t\t<\/div>\n\t\t\t\t<\/div>\n\t\t\t\t<div class=\"elementor-element elementor-element-b76c8ae elementor-widget elementor-widget-heading\" data-id=\"b76c8ae\" data-element_type=\"widget\" data-widget_type=\"heading.default\">\n\t\t\t\t<div class=\"elementor-widget-container\">\n\t\t\t<h5 class=\"elementor-heading-title elementor-size-default\">THE FIRST FRIDAY AND SATURDAY OF EACH NEW MONTH AT 17-23.00.<br>\nMAY 3 &amp; 4, MAY 31 &amp; JUNE 1, JULY 5 &amp; 6, AUGUST 2 &amp; 3, SEPTEMBER 6 &amp; 7<br>\nPIZZA and PASTA is the focus and a fine assortment of wines and locally produced beer<\/h5>\t\t<\/div>\n\t\t\t\t<\/div>\n\t\t\t\t<div class=\"elementor-element elementor-element-253746d elementor-align-center elementor-widget elementor-widget-button\" data-id=\"253746d\" data-element_type=\"widget\" data-widget_type=\"button.default\">\n\t\t\t\t<div class=\"elementor-widget-container\">\n\t\t\t\t\t<div class=\"elementor-button-wrapper\">\n\t\t\t<a class=\"elementor-button elementor-button-link elementor-size-sm\" href=\"https:\/\/gastrogate.com\/tp\/957\/33046\">\n\t\t\t\t\t\t<span class=\"elementor-button-content-wrapper\">\n\t\t\t\t\t\t\t\t\t<span class=\"elementor-button-text\">Book a table<\/span>\n\t\t\t\t\t<\/span>\n\t\t\t\t\t<\/a>\n\t\t<\/div>\n\t\t\t\t<\/div>\n\t\t\t\t<\/div>\n\t\t\t\t\t<\/div>\n\t\t<\/div>\n\t\t\t\t\t<\/div>\n\t\t<\/section>\n\t\t\t\t<section class=\"elementor-section elementor-top-section elementor-element elementor-element-2d2d74f elementor-section-content-middle elementor-reverse-tablet elementor-reverse-mobile elementor-section-boxed elementor-section-height-default elementor-section-height-default\" data-id=\"2d2d74f\" data-element_type=\"section\" data-settings=\"{&quot;background_background&quot;:&quot;classic&quot;}\">\n\t\t\t\t\t\t<div class=\"elementor-container elementor-column-gap-no\">\n\t\t\t\t\t<div class=\"elementor-column elementor-col-50 elementor-top-column elementor-element elementor-element-9c7eb9a\" data-id=\"9c7eb9a\" data-element_type=\"column\">\n\t\t\t<div class=\"elementor-widget-wrap elementor-element-populated\">\n\t\t\t\t\t\t<section class=\"elementor-section elementor-inner-section elementor-element elementor-element-c70972e elementor-section-boxed elementor-section-height-default elementor-section-height-default\" data-id=\"c70972e\" data-element_type=\"section\">\n\t\t\t\t\t\t<div class=\"elementor-container elementor-column-gap-no\">\n\t\t\t\t\t<div class=\"elementor-column elementor-col-100 elementor-inner-column elementor-element elementor-element-eab3636\" data-id=\"eab3636\" data-element_type=\"column\" data-settings=\"{&quot;background_background&quot;:&quot;classic&quot;}\">\n\t\t\t<div class=\"elementor-widget-wrap elementor-element-populated\">\n\t\t\t\t\t<div class=\"elementor-background-overlay\"><\/div>\n\t\t\t\t\t\t<div class=\"elementor-element elementor-element-f7f8d3b elementor-widget elementor-widget-spacer\" data-id=\"f7f8d3b\" data-element_type=\"widget\" data-widget_type=\"spacer.default\">\n\t\t\t\t<div class=\"elementor-widget-container\">\n\t\t\t<style>\/*! elementor - v3.21.0 - 30-04-2024 *\/\n.elementor-column .elementor-spacer-inner{height:var(--spacer-size)}.e-con{--container-widget-width:100%}.e-con-inner>.elementor-widget-spacer,.e-con>.elementor-widget-spacer{width:var(--container-widget-width,var(--spacer-size));--align-self:var(--container-widget-align-self,initial);--flex-shrink:0}.e-con-inner>.elementor-widget-spacer>.elementor-widget-container,.e-con>.elementor-widget-spacer>.elementor-widget-container{height:100%;width:100%}.e-con-inner>.elementor-widget-spacer>.elementor-widget-container>.elementor-spacer,.e-con>.elementor-widget-spacer>.elementor-widget-container>.elementor-spacer{height:100%}.e-con-inner>.elementor-widget-spacer>.elementor-widget-container>.elementor-spacer>.elementor-spacer-inner,.e-con>.elementor-widget-spacer>.elementor-widget-container>.elementor-spacer>.elementor-spacer-inner{height:var(--container-widget-height,var(--spacer-size))}.e-con-inner>.elementor-widget-spacer.elementor-widget-empty,.e-con>.elementor-widget-spacer.elementor-widget-empty{position:relative;min-height:22px;min-width:22px}.e-con-inner>.elementor-widget-spacer.elementor-widget-empty .elementor-widget-empty-icon,.e-con>.elementor-widget-spacer.elementor-widget-empty .elementor-widget-empty-icon{position:absolute;top:0;bottom:0;left:0;right:0;margin:auto;padding:0;width:22px;height:22px}<\/style>\t\t<div class=\"elementor-spacer\">\n\t\t\t<div class=\"elementor-spacer-inner\"><\/div>\n\t\t<\/div>\n\t\t\t\t<\/div>\n\t\t\t\t<\/div>\n\t\t\t\t<div class=\"elementor-element elementor-element-5a3f668 elementor-widget elementor-widget-spacer\" data-id=\"5a3f668\" data-element_type=\"widget\" data-widget_type=\"spacer.default\">\n\t\t\t\t<div class=\"elementor-widget-container\">\n\t\t\t\t\t<div class=\"elementor-spacer\">\n\t\t\t<div class=\"elementor-spacer-inner\"><\/div>\n\t\t<\/div>\n\t\t\t\t<\/div>\n\t\t\t\t<\/div>\n\t\t\t\t\t<\/div>\n\t\t<\/div>\n\t\t\t\t\t<\/div>\n\t\t<\/section>\n\t\t\t\t\t<\/div>\n\t\t<\/div>\n\t\t\t\t<div class=\"elementor-column elementor-col-50 elementor-top-column elementor-element elementor-element-ce0db0c\" data-id=\"ce0db0c\" data-element_type=\"column\">\n\t\t\t<div class=\"elementor-widget-wrap elementor-element-populated\">\n\t\t\t\t\t\t\t<\/div>\n\t\t<\/div>\n\t\t\t\t\t<\/div>\n\t\t<\/section>\n\t\t<div class=\"elementor-element elementor-element-0745937 e-flex e-con-boxed e-con e-parent\" data-id=\"0745937\" data-element_type=\"container\" id=\"meny\">\n\t\t\t\t\t<div class=\"e-con-inner\">\n\t\t<div class=\"elementor-element elementor-element-103a257 e-con-full e-flex e-con e-child\" data-id=\"103a257\" data-element_type=\"container\">\n\t\t\t\t<\/div>\n\t\t\t\t\t<\/div>\n\t\t\t\t<\/div>\n\t\t\t\t<section class=\"elementor-section elementor-top-section elementor-element elementor-element-b962e84 elementor-section-content-middle elementor-reverse-tablet elementor-reverse-mobile elementor-hidden-desktop elementor-hidden-tablet elementor-hidden-mobile elementor-section-boxed elementor-section-height-default elementor-section-height-default\" data-id=\"b962e84\" data-element_type=\"section\" data-settings=\"{&quot;background_background&quot;:&quot;classic&quot;}\">\n\t\t\t\t\t\t<div class=\"elementor-container elementor-column-gap-no\">\n\t\t\t\t\t<div class=\"elementor-column elementor-col-50 elementor-top-column elementor-element elementor-element-4c5a63f\" data-id=\"4c5a63f\" data-element_type=\"column\">\n\t\t\t<div class=\"elementor-widget-wrap elementor-element-populated\">\n\t\t\t\t\t\t<section class=\"elementor-section elementor-inner-section elementor-element elementor-element-d3a1c50 elementor-section-boxed elementor-section-height-default elementor-section-height-default\" data-id=\"d3a1c50\" data-element_type=\"section\">\n\t\t\t\t\t\t<div class=\"elementor-container elementor-column-gap-no\">\n\t\t\t\t\t<div class=\"elementor-column elementor-col-100 elementor-inner-column elementor-element elementor-element-2aa8536\" data-id=\"2aa8536\" data-element_type=\"column\" data-settings=\"{&quot;background_background&quot;:&quot;classic&quot;}\">\n\t\t\t<div class=\"elementor-widget-wrap elementor-element-populated\">\n\t\t\t\t\t<div class=\"elementor-background-overlay\"><\/div>\n\t\t\t\t\t\t<div class=\"elementor-element elementor-element-9f97d8c elementor-widget elementor-widget-spacer\" data-id=\"9f97d8c\" data-element_type=\"widget\" data-widget_type=\"spacer.default\">\n\t\t\t\t<div class=\"elementor-widget-container\">\n\t\t\t\t\t<div class=\"elementor-spacer\">\n\t\t\t<div class=\"elementor-spacer-inner\"><\/div>\n\t\t<\/div>\n\t\t\t\t<\/div>\n\t\t\t\t<\/div>\n\t\t\t\t<div class=\"elementor-element elementor-element-7b5ce59 elementor-widget elementor-widget-spacer\" data-id=\"7b5ce59\" data-element_type=\"widget\" data-widget_type=\"spacer.default\">\n\t\t\t\t<div class=\"elementor-widget-container\">\n\t\t\t\t\t<div class=\"elementor-spacer\">\n\t\t\t<div class=\"elementor-spacer-inner\"><\/div>\n\t\t<\/div>\n\t\t\t\t<\/div>\n\t\t\t\t<\/div>\n\t\t\t\t\t<\/div>\n\t\t<\/div>\n\t\t\t\t\t<\/div>\n\t\t<\/section>\n\t\t\t\t\t<\/div>\n\t\t<\/div>\n\t\t\t\t<div class=\"elementor-column elementor-col-50 elementor-top-column elementor-element elementor-element-2fc6df9\" data-id=\"2fc6df9\" data-element_type=\"column\">\n\t\t\t<div class=\"elementor-widget-wrap elementor-element-populated\">\n\t\t\t\t\t\t<div class=\"elementor-element elementor-element-10923c8 elementor-widget elementor-widget-heading\" data-id=\"10923c8\" data-element_type=\"widget\" data-widget_type=\"heading.default\">\n\t\t\t\t<div class=\"elementor-widget-container\">\n\t\t\t<h2 class=\"elementor-heading-title elementor-size-default\">Rustic romantic design in the old stables<\/h2>\t\t<\/div>\n\t\t\t\t<\/div>\n\t\t\t\t<div class=\"elementor-element elementor-element-999a6b4 elementor-widget elementor-widget-text-editor\" data-id=\"999a6b4\" data-element_type=\"widget\" data-widget_type=\"text-editor.default\">\n\t\t\t\t<div class=\"elementor-widget-container\">\n\t\t\t<style>\/*! elementor - v3.21.0 - 30-04-2024 *\/\n.elementor-widget-text-editor.elementor-drop-cap-view-stacked .elementor-drop-cap{background-color:#69727d;color:#fff}.elementor-widget-text-editor.elementor-drop-cap-view-framed .elementor-drop-cap{color:#69727d;border:3px solid;background-color:transparent}.elementor-widget-text-editor:not(.elementor-drop-cap-view-default) .elementor-drop-cap{margin-top:8px}.elementor-widget-text-editor:not(.elementor-drop-cap-view-default) .elementor-drop-cap-letter{width:1em;height:1em}.elementor-widget-text-editor .elementor-drop-cap{float:left;text-align:center;line-height:1;font-size:50px}.elementor-widget-text-editor .elementor-drop-cap-letter{display:inline-block}<\/style>\t\t\t\t<p>We make homemade pasta with delicious fillings based on delicious Italian recipies.<br \/>Our fantastic pizzas are baked in a stone oven from Naples where the pizza is highly valued, careful with ingredients and cooking methods.<\/p><p>Our charcuterie comes from Nibble Farm&#8217;s happy pigs.<br \/>There they also have their own production to create air-dried charcuterie of the highest quality.<\/p><p>In our bistro, we develope our food and beverage concept with a lot of love and care for our environment and taste buds. Here you will also meet our hosts and hostesses who would like to tell you about our food and drink and fix everything in a blink.<br \/><b><br \/>Would you like to have your own restaurant to yourself. We open exclusively for you\/your company so that you have a wonderful evening together. Quotation on request.<\/b><\/p>\t\t\t\t\t\t<\/div>\n\t\t\t\t<\/div>\n\t\t\t\t<div class=\"elementor-element elementor-element-ee973cc elementor-widget elementor-widget-button\" data-id=\"ee973cc\" data-element_type=\"widget\" data-widget_type=\"button.default\">\n\t\t\t\t<div class=\"elementor-widget-container\">\n\t\t\t\t\t<div class=\"elementor-button-wrapper\">\n\t\t\t<a class=\"elementor-button elementor-button-link elementor-size-sm\" href=\"https:\/\/gastrogate.com\/tp\/957\/33046\">\n\t\t\t\t\t\t<span class=\"elementor-button-content-wrapper\">\n\t\t\t\t\t\t\t\t\t<span class=\"elementor-button-text\">Book a table<\/span>\n\t\t\t\t\t<\/span>\n\t\t\t\t\t<\/a>\n\t\t<\/div>\n\t\t\t\t<\/div>\n\t\t\t\t<\/div>\n\t\t\t\t\t<\/div>\n\t\t<\/div>\n\t\t\t\t\t<\/div>\n\t\t<\/section>\n\t\t\t\t<section class=\"elementor-section elementor-top-section elementor-element elementor-element-34014f8 elementor-section-boxed elementor-section-height-default elementor-section-height-default\" data-id=\"34014f8\" data-element_type=\"section\" data-settings=\"{&quot;background_background&quot;:&quot;classic&quot;}\">\n\t\t\t\t\t\t\t<div class=\"elementor-background-overlay\"><\/div>\n\t\t\t\t\t\t\t<div class=\"elementor-container elementor-column-gap-no\">\n\t\t\t\t\t<div class=\"elementor-column elementor-col-100 elementor-top-column elementor-element elementor-element-27b4cec\" data-id=\"27b4cec\" data-element_type=\"column\">\n\t\t\t<div class=\"elementor-widget-wrap elementor-element-populated\">\n\t\t\t\t\t\t<div class=\"elementor-element elementor-element-23cbf26 elementor-widget elementor-widget-heading\" data-id=\"23cbf26\" data-element_type=\"widget\" data-widget_type=\"heading.default\">\n\t\t\t\t<div class=\"elementor-widget-container\">\n\t\t\t<h5 class=\"elementor-heading-title elementor-size-default\">Magic kitchen<\/h5>\t\t<\/div>\n\t\t\t\t<\/div>\n\t\t\t\t<div class=\"elementor-element elementor-element-ef0e57d elementor-widget elementor-widget-heading\" data-id=\"ef0e57d\" data-element_type=\"widget\" data-widget_type=\"heading.default\">\n\t\t\t\t<div class=\"elementor-widget-container\">\n\t\t\t<h2 class=\"elementor-heading-title elementor-size-default\">BISTRO IN A UNIQUE STABLE ENVIRONMENT WITH A NICE COUNTRY ROMANTIC FEEL WITH A FOCUS ON FINE LOCAL INGREDIENTS, A RUSTIC SIMPLE MENU AND A FINE ASSORTMENT OF SELECTED WINES AND LOCALLY PRODUCED BEER<\/h2>\t\t<\/div>\n\t\t\t\t<\/div>\n\t\t\t\t\t<\/div>\n\t\t<\/div>\n\t\t\t\t\t<\/div>\n\t\t<\/section>\n\t\t<div class=\"elementor-element elementor-element-34b6e4e elementor-hidden-tablet elementor-hidden-mobile elementor-hidden-desktop e-flex e-con-boxed e-con e-parent\" data-id=\"34b6e4e\" data-element_type=\"container\">\n\t\t\t\t\t<div class=\"e-con-inner\">\n\t\t<div class=\"elementor-element elementor-element-6c14860 e-con-full e-flex e-con e-child\" data-id=\"6c14860\" data-element_type=\"container\">\n\t\t\t\t<div class=\"elementor-element elementor-element-1dc6de8 elementor-widget elementor-widget-text-editor\" data-id=\"1dc6de8\" data-element_type=\"widget\" data-widget_type=\"text-editor.default\">\n\t\t\t\t<div class=\"elementor-widget-container\">\n\t\t\t\t\t\t\t<a href=\"https:\/\/hemtillgarden.se\/wp-content\/uploads\/2024\/05\/Bistro-MENY-24-engelska.pdf\" class=\"pdfemb-viewer\" style=\"\" data-width=\"max\" data-height=\"max\" data-toolbar=\"both\" data-toolbar-fixed=\"on\">Bistro-MENY-24-engelska<\/a>\t\t\t\t\t\t<\/div>\n\t\t\t\t<\/div>\n\t\t\t\t<\/div>\n\t\t\t\t\t<\/div>\n\t\t\t\t<\/div>\n\t\t\t\t<\/div>\n\t\t","protected":false},"excerpt":{"rendered":"<p>For opening hours please go to www.bistrogarden.se Bistro The Little Stable THE FIRST FRIDAY AND SATURDAY OF EACH NEW MONTH AT 17-23.00. MAY 3 &amp; 4, MAY 31 &amp; JUNE 1, JULY 5 &amp; 6, AUGUST 2 &amp; 3, SEPTEMBER 6 &amp; 7 PIZZA and PASTA is the focus and a fine assortment of wines [&hellip;]<\/p>\n","protected":false},"author":1,"featured_media":0,"parent":0,"menu_order":0,"comment_status":"closed","ping_status":"closed","template":"elementor_header_footer","meta":{"footnotes":""},"class_list":["post-1290","page","type-page","status-publish","hentry"],"yoast_head":"<!-- This site is optimized with the Yoast SEO plugin v22.6 - https:\/\/yoast.com\/wordpress\/plugins\/seo\/ -->\n<title>The Little Stable at Hem till G\u00e5rden in V\u00e4ster\u00e5s<\/title>\n<meta name=\"description\" content=\"We think that we want to cook good, simple food with fine ingredients according to the season. Our pizzas are baked in a stone oven from Naples where the pizza is highly valued.\" \/>\n<meta name=\"robots\" content=\"index, follow, max-snippet:-1, max-image-preview:large, max-video-preview:-1\" \/>\n<link rel=\"canonical\" href=\"https:\/\/hemtillgarden.se\/en\/bistro-lilla-stallet\/\" \/>\n<meta property=\"og:locale\" content=\"en_US\" \/>\n<meta property=\"og:type\" content=\"article\" \/>\n<meta property=\"og:title\" content=\"The Little Stable at Hem till G\u00e5rden in V\u00e4ster\u00e5s\" \/>\n<meta property=\"og:description\" content=\"We think that we want to cook good, simple food with fine ingredients according to the season. Our pizzas are baked in a stone oven from Naples where the pizza is highly valued.\" \/>\n<meta property=\"og:url\" content=\"https:\/\/hemtillgarden.se\/en\/bistro-lilla-stallet\/\" \/>\n<meta property=\"og:site_name\" content=\"Hem till g\u00e5rden i V\u00e4ster\u00e5s\" \/>\n<meta property=\"article:publisher\" content=\"https:\/\/www.facebook.com\/hemtillgarden.se\" \/>\n<meta property=\"article:modified_time\" content=\"2026-02-06T03:49:24+00:00\" \/>\n<meta name=\"twitter:card\" content=\"summary_large_image\" \/>\n<meta name=\"twitter:label1\" content=\"Est. reading time\" \/>\n\t<meta name=\"twitter:data1\" content=\"2 minutes\" \/>\n<script type=\"application\/ld+json\" class=\"yoast-schema-graph\">{\"@context\":\"https:\/\/schema.org\",\"@graph\":[{\"@type\":\"WebPage\",\"@id\":\"https:\/\/hemtillgarden.se\/en\/bistro-lilla-stallet\/\",\"url\":\"https:\/\/hemtillgarden.se\/en\/bistro-lilla-stallet\/\",\"name\":\"The Little Stable at Hem till G\u00e5rden in V\u00e4ster\u00e5s\",\"isPartOf\":{\"@id\":\"https:\/\/hemtillgarden.se\/en\/#website\"},\"datePublished\":\"2023-11-21T14:11:41+00:00\",\"dateModified\":\"2026-02-06T03:49:24+00:00\",\"description\":\"We think that we want to cook good, simple food with fine ingredients according to the season. Our pizzas are baked in a stone oven from Naples where the pizza is highly valued.\",\"breadcrumb\":{\"@id\":\"https:\/\/hemtillgarden.se\/en\/bistro-lilla-stallet\/#breadcrumb\"},\"inLanguage\":\"en-US\",\"potentialAction\":[{\"@type\":\"ReadAction\",\"target\":[\"https:\/\/hemtillgarden.se\/en\/bistro-lilla-stallet\/\"]}]},{\"@type\":\"BreadcrumbList\",\"@id\":\"https:\/\/hemtillgarden.se\/en\/bistro-lilla-stallet\/#breadcrumb\",\"itemListElement\":[{\"@type\":\"ListItem\",\"position\":1,\"name\":\"Hem\",\"item\":\"https:\/\/hemtillgarden.se\/en\/\"},{\"@type\":\"ListItem\",\"position\":2,\"name\":\"Bistro The Little Stable\"}]},{\"@type\":\"WebSite\",\"@id\":\"https:\/\/hemtillgarden.se\/en\/#website\",\"url\":\"https:\/\/hemtillgarden.se\/en\/\",\"name\":\"Hem till g\u00e5rden\",\"description\":\"\",\"publisher\":{\"@id\":\"https:\/\/hemtillgarden.se\/en\/#organization\"},\"potentialAction\":[{\"@type\":\"SearchAction\",\"target\":{\"@type\":\"EntryPoint\",\"urlTemplate\":\"https:\/\/hemtillgarden.se\/en\/?s={search_term_string}\"},\"query-input\":\"required name=search_term_string\"}],\"inLanguage\":\"en-US\"},{\"@type\":\"Organization\",\"@id\":\"https:\/\/hemtillgarden.se\/en\/#organization\",\"name\":\"Hem till g\u00e5rden\",\"url\":\"https:\/\/hemtillgarden.se\/en\/\",\"logo\":{\"@type\":\"ImageObject\",\"inLanguage\":\"en-US\",\"@id\":\"https:\/\/hemtillgarden.se\/en\/#\/schema\/logo\/image\/\",\"url\":\"https:\/\/hemtillgarden.se\/wp-content\/uploads\/2023\/09\/loggo.png\",\"contentUrl\":\"https:\/\/hemtillgarden.se\/wp-content\/uploads\/2023\/09\/loggo.png\",\"width\":930,\"height\":536,\"caption\":\"Hem till g\u00e5rden\"},\"image\":{\"@id\":\"https:\/\/hemtillgarden.se\/en\/#\/schema\/logo\/image\/\"},\"sameAs\":[\"https:\/\/www.facebook.com\/hemtillgarden.se\",\"https:\/\/www.instagram.com\/hemtillgarden.se\/\"]}]}<\/script>\n<!-- \/ Yoast SEO plugin. -->","yoast_head_json":{"title":"The Little Stable at Hem till G\u00e5rden in V\u00e4ster\u00e5s","description":"We think that we want to cook good, simple food with fine ingredients according to the season. Our pizzas are baked in a stone oven from Naples where the pizza is highly valued.","robots":{"index":"index","follow":"follow","max-snippet":"max-snippet:-1","max-image-preview":"max-image-preview:large","max-video-preview":"max-video-preview:-1"},"canonical":"https:\/\/hemtillgarden.se\/en\/bistro-lilla-stallet\/","og_locale":"en_US","og_type":"article","og_title":"The Little Stable at Hem till G\u00e5rden in V\u00e4ster\u00e5s","og_description":"We think that we want to cook good, simple food with fine ingredients according to the season. Our pizzas are baked in a stone oven from Naples where the pizza is highly valued.","og_url":"https:\/\/hemtillgarden.se\/en\/bistro-lilla-stallet\/","og_site_name":"Hem till g\u00e5rden i V\u00e4ster\u00e5s","article_publisher":"https:\/\/www.facebook.com\/hemtillgarden.se","article_modified_time":"2026-02-06T03:49:24+00:00","twitter_card":"summary_large_image","twitter_misc":{"Est. reading time":"2 minutes"},"schema":{"@context":"https:\/\/schema.org","@graph":[{"@type":"WebPage","@id":"https:\/\/hemtillgarden.se\/en\/bistro-lilla-stallet\/","url":"https:\/\/hemtillgarden.se\/en\/bistro-lilla-stallet\/","name":"The Little Stable at Hem till G\u00e5rden in V\u00e4ster\u00e5s","isPartOf":{"@id":"https:\/\/hemtillgarden.se\/en\/#website"},"datePublished":"2023-11-21T14:11:41+00:00","dateModified":"2026-02-06T03:49:24+00:00","description":"We think that we want to cook good, simple food with fine ingredients according to the season. Our pizzas are baked in a stone oven from Naples where the pizza is highly valued.","breadcrumb":{"@id":"https:\/\/hemtillgarden.se\/en\/bistro-lilla-stallet\/#breadcrumb"},"inLanguage":"en-US","potentialAction":[{"@type":"ReadAction","target":["https:\/\/hemtillgarden.se\/en\/bistro-lilla-stallet\/"]}]},{"@type":"BreadcrumbList","@id":"https:\/\/hemtillgarden.se\/en\/bistro-lilla-stallet\/#breadcrumb","itemListElement":[{"@type":"ListItem","position":1,"name":"Hem","item":"https:\/\/hemtillgarden.se\/en\/"},{"@type":"ListItem","position":2,"name":"Bistro The Little Stable"}]},{"@type":"WebSite","@id":"https:\/\/hemtillgarden.se\/en\/#website","url":"https:\/\/hemtillgarden.se\/en\/","name":"Hem till g\u00e5rden","description":"","publisher":{"@id":"https:\/\/hemtillgarden.se\/en\/#organization"},"potentialAction":[{"@type":"SearchAction","target":{"@type":"EntryPoint","urlTemplate":"https:\/\/hemtillgarden.se\/en\/?s={search_term_string}"},"query-input":"required name=search_term_string"}],"inLanguage":"en-US"},{"@type":"Organization","@id":"https:\/\/hemtillgarden.se\/en\/#organization","name":"Hem till g\u00e5rden","url":"https:\/\/hemtillgarden.se\/en\/","logo":{"@type":"ImageObject","inLanguage":"en-US","@id":"https:\/\/hemtillgarden.se\/en\/#\/schema\/logo\/image\/","url":"https:\/\/hemtillgarden.se\/wp-content\/uploads\/2023\/09\/loggo.png","contentUrl":"https:\/\/hemtillgarden.se\/wp-content\/uploads\/2023\/09\/loggo.png","width":930,"height":536,"caption":"Hem till g\u00e5rden"},"image":{"@id":"https:\/\/hemtillgarden.se\/en\/#\/schema\/logo\/image\/"},"sameAs":["https:\/\/www.facebook.com\/hemtillgarden.se","https:\/\/www.instagram.com\/hemtillgarden.se\/"]}]}},"_links":{"self":[{"href":"https:\/\/hemtillgarden.se\/en\/wp-json\/wp\/v2\/pages\/1290","targetHints":{"allow":["GET"]}}],"collection":[{"href":"https:\/\/hemtillgarden.se\/en\/wp-json\/wp\/v2\/pages"}],"about":[{"href":"https:\/\/hemtillgarden.se\/en\/wp-json\/wp\/v2\/types\/page"}],"author":[{"embeddable":true,"href":"https:\/\/hemtillgarden.se\/en\/wp-json\/wp\/v2\/users\/1"}],"replies":[{"embeddable":true,"href":"https:\/\/hemtillgarden.se\/en\/wp-json\/wp\/v2\/comments?post=1290"}],"version-history":[{"count":39,"href":"https:\/\/hemtillgarden.se\/en\/wp-json\/wp\/v2\/pages\/1290\/revisions"}],"predecessor-version":[{"id":2463,"href":"https:\/\/hemtillgarden.se\/en\/wp-json\/wp\/v2\/pages\/1290\/revisions\/2463"}],"wp:attachment":[{"href":"https:\/\/hemtillgarden.se\/en\/wp-json\/wp\/v2\/media?parent=1290"}],"curies":[{"name":"wp","href":"https:\/\/api.w.org\/{rel}","templated":true}]}}